{"id":90,"date":"2021-12-14T07:03:36","date_gmt":"2021-12-14T07:03:36","guid":{"rendered":"https:\/\/balansoskonhet.se\/?page_id=90"},"modified":"2026-02-25T12:43:25","modified_gmt":"2026-02-25T12:43:25","slug":"start-balansoskonhet","status":"publish","type":"page","link":"https:\/\/balansoskonhet.se\/","title":{"rendered":"Start"},"content":{"rendered":"\n<h1 class=\"wp-block-heading has-text-align-center \\&quot;wp-block-heading has-x-large-font-size\"><strong>V\u00c4LKOMMEN TILL <br>BALANS &amp; SK\u00d6NHET I ROSLAGEN<\/strong><\/h1>\n\n\n\n<div class=\"wp-block-group is-layout-grid wp-container-core-group-is-layout-988b637e wp-block-group-is-layout-grid\">\n<figure class=\"wp-block-image size-full has-custom-border is-style-rounded wp-container-content-2155ee95\"><img loading=\"lazy\" decoding=\"async\" width=\"960\" height=\"958\" src=\"https:\/\/balansoskonhet.se\/wp-content\/uploads\/2026\/02\/christine_2.jpg\" alt=\"\" class=\"has-border-color has-ast-global-color-0-border-color wp-image-1011\" style=\"aspect-ratio:1;object-fit:cover\" srcset=\"https:\/\/balansoskonhet.se\/wp-content\/uploads\/2026\/02\/christine_2.jpg 960w, https:\/\/balansoskonhet.se\/wp-content\/uploads\/2026\/02\/christine_2-300x300.jpg 300w, https:\/\/balansoskonhet.se\/wp-content\/uploads\/2026\/02\/christine_2-150x150.jpg 150w, https:\/\/balansoskonhet.se\/wp-content\/uploads\/2026\/02\/christine_2-768x766.jpg 768w\" sizes=\"auto, (max-width: 960px) 100vw, 960px\" \/><\/figure>\n\n\n\n<figure class=\"wp-block-image size-full has-custom-border \\&quot;wp-block-image is-style-rounded wp-container-content-2155ee95\"><img loading=\"lazy\" decoding=\"async\" width=\"536\" height=\"536\" src=\"https:\/\/balansoskonhet.se\/wp-content\/uploads\/2025\/10\/blomma.jpg\" alt=\"\" class=\"has-border-color has-ast-global-color-0-border-color wp-image-821\" style=\"object-fit:cover\" srcset=\"https:\/\/balansoskonhet.se\/wp-content\/uploads\/2025\/10\/blomma.jpg 536w, https:\/\/balansoskonhet.se\/wp-content\/uploads\/2025\/10\/blomma-300x300.jpg 300w, https:\/\/balansoskonhet.se\/wp-content\/uploads\/2025\/10\/blomma-150x150.jpg 150w\" sizes=\"auto, (max-width: 536px) 100vw, 536px\" \/><\/figure>\n\n\n\n<figure class=\"wp-block-image size-full has-custom-border \\&quot;wp-block-image is-style-rounded\"><img loading=\"lazy\" decoding=\"async\" width=\"652\" height=\"628\" src=\"https:\/\/balansoskonhet.se\/wp-content\/uploads\/2026\/02\/Pia-2.png\" alt=\"\" class=\"has-border-color has-ast-global-color-0-border-color wp-image-1007\" style=\"aspect-ratio:1;object-fit:cover\" srcset=\"https:\/\/balansoskonhet.se\/wp-content\/uploads\/2026\/02\/Pia-2.png 652w, https:\/\/balansoskonhet.se\/wp-content\/uploads\/2026\/02\/Pia-2-300x289.png 300w\" sizes=\"auto, (max-width: 652px) 100vw, 652px\" \/><\/figure>\n<\/div>\n\n\n\n<h4 class=\"wp-block-heading has-text-align-center \\&quot;wp-block-heading has-medium-font-size\">Vad roligt att du har hittat till oss p\u00e5 Balans &amp; Sk\u00f6nhet i Roslagen! <br><br>H\u00e4r f\u00e5r du hj\u00e4lp att sk\u00e4mma bort dig sj\u00e4lv en stund.<br><br>Vi erbjuder en hel del olika behandlingar.<br><br>Varmt v\u00e4lkommen att boka din n\u00e4sta behandling hos oss!<br><br>Christine &amp; Pia<\/h4>\n\n\n\n<div class=\"wp-block-buttons \\&quot;wp-block-buttons\\&quot; is-content-justification-center is-layout-flex wp-container-core-buttons-is-layout-a89b3969 wp-block-buttons-is-layout-flex\">\n<div class=\"wp-block-button \\&quot;wp-block-button\\&quot;\"><a class=\"wp-block-button__link wp-element-button\" href=\"https:\/\/www.bokadirekt.se\/places\/balans-skonhet-i-roslagen-2800\" target=\"_blank\" rel=\"noreferrer noopener\">Boka din behandling<\/a><\/div>\n<\/div>\n\n\n\n<figure class=\"wp-block-gallery has-nested-images columns-default is-cropped \\&quot;wp-block-gallery wp-block-gallery-1 is-layout-flex wp-block-gallery-is-layout-flex\">\n<figure class=\"wp-block-image size-large \\&quot;wp-block-image\"><img loading=\"lazy\" decoding=\"async\" width=\"1024\" height=\"683\" data-id=\"866\" src=\"https:\/\/balansoskonhet.se\/wp-content\/uploads\/2025\/11\/Treatment-image-RF-3000-1024x683.jpg\" alt=\"\" class=\"wp-image-866\" srcset=\"https:\/\/balansoskonhet.se\/wp-content\/uploads\/2025\/11\/Treatment-image-RF-3000-1024x683.jpg 1024w, https:\/\/balansoskonhet.se\/wp-content\/uploads\/2025\/11\/Treatment-image-RF-3000-300x200.jpg 300w, https:\/\/balansoskonhet.se\/wp-content\/uploads\/2025\/11\/Treatment-image-RF-3000-768x512.jpg 768w, https:\/\/balansoskonhet.se\/wp-content\/uploads\/2025\/11\/Treatment-image-RF-3000-1536x1025.jpg 1536w, https:\/\/balansoskonhet.se\/wp-content\/uploads\/2025\/11\/Treatment-image-RF-3000-2048x1366.jpg 2048w\" sizes=\"auto, (max-width: 1024px) 100vw, 1024px\" \/><\/figure>\n\n\n\n<figure class=\"wp-block-image size-large \\&quot;wp-block-image\"><img loading=\"lazy\" decoding=\"async\" width=\"960\" height=\"961\" data-id=\"79\" src=\"https:\/\/balansoskonhet.se\/wp-content\/uploads\/2021\/12\/HomePage-OurProducts.jpg\" alt=\"\" class=\"wp-image-79\" srcset=\"https:\/\/balansoskonhet.se\/wp-content\/uploads\/2021\/12\/HomePage-OurProducts.jpg 960w, https:\/\/balansoskonhet.se\/wp-content\/uploads\/2021\/12\/HomePage-OurProducts-300x300.jpg 300w, https:\/\/balansoskonhet.se\/wp-content\/uploads\/2021\/12\/HomePage-OurProducts-150x150.jpg 150w, https:\/\/balansoskonhet.se\/wp-content\/uploads\/2021\/12\/HomePage-OurProducts-768x769.jpg 768w\" sizes=\"auto, (max-width: 960px) 100vw, 960px\" \/><\/figure>\n\n\n\n<figure class=\"wp-block-image size-large \\&quot;wp-block-image\"><img loading=\"lazy\" decoding=\"async\" width=\"1024\" height=\"1024\" data-id=\"39\" src=\"https:\/\/balansoskonhet.se\/wp-content\/uploads\/2021\/12\/5-1024x1024.jpg\" alt=\"sk\u00f6nhetssalongen behandlingar\" class=\"wp-image-39\" srcset=\"https:\/\/balansoskonhet.se\/wp-content\/uploads\/2021\/12\/5-1024x1024.jpg 1024w, https:\/\/balansoskonhet.se\/wp-content\/uploads\/2021\/12\/5-300x300.jpg 300w, https:\/\/balansoskonhet.se\/wp-content\/uploads\/2021\/12\/5-150x150.jpg 150w, https:\/\/balansoskonhet.se\/wp-content\/uploads\/2021\/12\/5-768x768.jpg 768w, https:\/\/balansoskonhet.se\/wp-content\/uploads\/2021\/12\/5.jpg 1080w\" sizes=\"auto, (max-width: 1024px) 100vw, 1024px\" \/><\/figure>\n\n\n\n<figure class=\"wp-block-image size-large \\&quot;wp-block-image\"><img loading=\"lazy\" decoding=\"async\" width=\"600\" height=\"400\" data-id=\"68\" src=\"https:\/\/balansoskonhet.se\/wp-content\/uploads\/2021\/12\/Namnlos-design-7.jpg\" alt=\"fotv\u00e5rd\" class=\"wp-image-68\" srcset=\"https:\/\/balansoskonhet.se\/wp-content\/uploads\/2021\/12\/Namnlos-design-7.jpg 600w, https:\/\/balansoskonhet.se\/wp-content\/uploads\/2021\/12\/Namnlos-design-7-300x200.jpg 300w\" sizes=\"auto, (max-width: 600px) 100vw, 600px\" \/><\/figure>\n\n\n\n<figure class=\"wp-block-image size-large \\&quot;wp-block-image\"><img loading=\"lazy\" decoding=\"async\" width=\"600\" height=\"400\" data-id=\"73\" src=\"https:\/\/balansoskonhet.se\/wp-content\/uploads\/2021\/12\/3-1.jpg\" alt=\"\" class=\"wp-image-73\" srcset=\"https:\/\/balansoskonhet.se\/wp-content\/uploads\/2021\/12\/3-1.jpg 600w, https:\/\/balansoskonhet.se\/wp-content\/uploads\/2021\/12\/3-1-300x200.jpg 300w\" sizes=\"auto, (max-width: 600px) 100vw, 600px\" \/><\/figure>\n\n\n\n<figure class=\"wp-block-image size-large \\&quot;wp-block-image\"><img loading=\"lazy\" decoding=\"async\" width=\"600\" height=\"400\" data-id=\"71\" src=\"https:\/\/balansoskonhet.se\/wp-content\/uploads\/2021\/12\/11.jpg\" alt=\"\" class=\"wp-image-71\" srcset=\"https:\/\/balansoskonhet.se\/wp-content\/uploads\/2021\/12\/11.jpg 600w, https:\/\/balansoskonhet.se\/wp-content\/uploads\/2021\/12\/11-300x200.jpg 300w\" sizes=\"auto, (max-width: 600px) 100vw, 600px\" \/><\/figure>\n<\/figure>\n\n\n\n<div class=\"wp-block-buttons \\&quot;wp-block-buttons\\&quot; is-content-justification-center is-layout-flex wp-container-core-buttons-is-layout-a89b3969 wp-block-buttons-is-layout-flex\">\n<div class=\"wp-block-button \\&quot;wp-block-button\\&quot;\"><a class=\"wp-block-button__link wp-element-button\" href=\"https:\/\/www.bokadirekt.se\/places\/balans-skonhet-i-roslagen-2800\" target=\"_blank\" rel=\"noreferrer noopener\">Boka din behandling<\/a><\/div>\n<\/div>\n\n\n\n<hr class=\"wp-block-separator has-text-color has-ast-global-color-0-color has-alpha-channel-opacity has-ast-global-color-0-background-color has-background is-style-wide\"\/>\n\n\n\n<h1 class=\"wp-block-heading has-text-align-center\">V\u00e5ra senaste Instagram inl\u00e4gg<\/h1>\n\n\n\n<div class=\"wp-block-columns is-layout-flex wp-container-core-columns-is-layout-28f84493 wp-block-columns-is-layout-flex\">\n<div class=\"wp-block-column is-layout-flow wp-block-column-is-layout-flow\" style=\"flex-basis:25%\"><\/div>\n\n\n\n<div class=\"wp-block-column is-layout-flow wp-block-column-is-layout-flow\" style=\"flex-basis:50%\">\n<blockquote class=\"instagram-media\" \ndata-instgrm-permalink=\"https:\/\/www.instagram.com\/balansoskonhet?utm_source=ig_web_button_share_sheet&#038;igsh=ZDNlZDc0MzIxNw==\" \ndata-instgrm-version=\"14\" \nstyle=\"background:#FFF; border:0; margin: 1px; max-width:540px; width:100%;\">\n<\/blockquote>\n\n<script async src=\"\/\/www.instagram.com\/embed.js\"><\/script>\n<\/div>\n\n\n\n<div class=\"wp-block-column is-layout-flow wp-block-column-is-layout-flow\" style=\"flex-basis:25%\"><\/div>\n<\/div>\n\n\n\n<p><\/p>\n","protected":false},"excerpt":{"rendered":"<p>V\u00c4LKOMMEN TILL BALANS &amp; SK\u00d6NHET I ROSLAGEN Vad roligt att du har hittat till oss p\u00e5 Balans &amp; Sk\u00f6nhet i [&hellip;]<\/p>\n","protected":false},"author":1,"featured_media":0,"parent":0,"menu_order":0,"comment_status":"closed","ping_status":"closed","template":"","meta":{"om_disable_all_campaigns":false,"_monsterinsights_skip_tracking":false,"_monsterinsights_sitenote_active":false,"_monsterinsights_sitenote_note":"","_monsterinsights_sitenote_category":0,"site-sidebar-layout":"default","site-content-layout":"","ast-site-content-layout":"default","site-content-style":"default","site-sidebar-style":"default","ast-global-header-display":"","ast-banner-title-visibility":"","ast-main-header-display":"","ast-hfb-above-header-display":"","ast-hfb-below-header-display":"","ast-hfb-mobile-header-display":"","site-post-title":"disabled","ast-breadcrumbs-content":"","ast-featured-img":"","footer-sml-layout":"","ast-disable-related-posts":"","theme-transparent-header-meta":"","adv-header-id-meta":"","stick-header-meta":"","header-above-stick-meta":"","header-main-stick-meta":"","header-below-stick-meta":"","astra-migrate-meta-layouts":"default","ast-page-background-enabled":"default","ast-page-background-meta":{"desktop":{"background-color":"var(--ast-global-color-5)","background-image":"","background-repeat":"repeat","background-position":"center center","background-size":"auto","background-attachment":"scroll","background-type":"","background-media":"","overlay-type":"","overlay-color":"","overlay-opacity":"","overlay-gradient":""},"tablet":{"background-color":"","background-image":"","background-repeat":"repeat","background-position":"center center","background-size":"auto","background-attachment":"scroll","background-type":"","background-media":"","overlay-type":"","overlay-color":"","overlay-opacity":"","overlay-gradient":""},"mobile":{"background-color":"","background-image":"","background-repeat":"repeat","background-position":"center center","background-size":"auto","background-attachment":"scroll","background-type":"","background-media":"","overlay-type":"","overlay-color":"","overlay-opacity":"","overlay-gradient":""}},"ast-content-background-meta":{"desktop":{"background-color":"var(--ast-global-color-4)","background-image":"","background-repeat":"repeat","background-position":"center center","background-size":"auto","background-attachment":"scroll","background-type":"","background-media":"","overlay-type":"","overlay-color":"","overlay-opacity":"","overlay-gradient":""},"tablet":{"background-color":"var(--ast-global-color-4)","background-image":"","background-repeat":"repeat","background-position":"center center","background-size":"auto","background-attachment":"scroll","background-type":"","background-media":"","overlay-type":"","overlay-color":"","overlay-opacity":"","overlay-gradient":""},"mobile":{"background-color":"var(--ast-global-color-4)","background-image":"","background-repeat":"repeat","background-position":"center center","background-size":"auto","background-attachment":"scroll","background-type":"","background-media":"","overlay-type":"","overlay-color":"","overlay-opacity":"","overlay-gradient":""}},"footnotes":""},"class_list":["post-90","page","type-page","status-publish","hentry"],"aioseo_notices":[],"_links":{"self":[{"href":"https:\/\/balansoskonhet.se\/index.php?rest_route=\/wp\/v2\/pages\/90","targetHints":{"allow":["GET"]}}],"collection":[{"href":"https:\/\/balansoskonhet.se\/index.php?rest_route=\/wp\/v2\/pages"}],"about":[{"href":"https:\/\/balansoskonhet.se\/index.php?rest_route=\/wp\/v2\/types\/page"}],"author":[{"embeddable":true,"href":"https:\/\/balansoskonhet.se\/index.php?rest_route=\/wp\/v2\/users\/1"}],"replies":[{"embeddable":true,"href":"https:\/\/balansoskonhet.se\/index.php?rest_route=%2Fwp%2Fv2%2Fcomments&post=90"}],"version-history":[{"count":8,"href":"https:\/\/balansoskonhet.se\/index.php?rest_route=\/wp\/v2\/pages\/90\/revisions"}],"predecessor-version":[{"id":1057,"href":"https:\/\/balansoskonhet.se\/index.php?rest_route=\/wp\/v2\/pages\/90\/revisions\/1057"}],"wp:attachment":[{"href":"https:\/\/balansoskonhet.se\/index.php?rest_route=%2Fwp%2Fv2%2Fmedia&parent=90"}],"curies":[{"name":"wp","href":"https:\/\/api.w.org\/{rel}","templated":true}]}}