{"id":180,"date":"2021-12-14T08:01:20","date_gmt":"2021-12-14T08:01:20","guid":{"rendered":"https:\/\/balansoskonhet.se\/?page_id=180"},"modified":"2026-02-25T12:02:16","modified_gmt":"2026-02-25T12:02:16","slug":"kontakt","status":"publish","type":"page","link":"https:\/\/balansoskonhet.se\/?page_id=180","title":{"rendered":"KONTAKTA OSS"},"content":{"rendered":"\n<div class=\"wp-block-media-text is-stacked-on-mobile\" style=\"grid-template-columns:46% auto\"><figure class=\"wp-block-media-text__media\"><img loading=\"lazy\" decoding=\"async\" width=\"709\" height=\"889\" src=\"https:\/\/balansoskonhet.se\/wp-content\/uploads\/2026\/02\/bos_no1.png\" alt=\"\" class=\"wp-image-944 size-full\" srcset=\"https:\/\/balansoskonhet.se\/wp-content\/uploads\/2026\/02\/bos_no1.png 709w, https:\/\/balansoskonhet.se\/wp-content\/uploads\/2026\/02\/bos_no1-239x300.png 239w\" sizes=\"auto, (max-width: 709px) 100vw, 709px\" \/><\/figure><div class=\"wp-block-media-text__content\">\n<h1 class=\"wp-block-heading has-text-align-center\">HUR KONTAKTAR DU OSS?<\/h1>\n\n\n\n<p class=\"has-text-align-center\">F\u00f6r att boka en tid hos Balans &amp; Sk\u00f6nhet i Roslagen, <br>klicka p\u00e5 knappen nedan<\/p>\n\n\n\n<div class=\"wp-block-buttons \\&quot;wp-block-buttons\\&quot; is-content-justification-center is-layout-flex wp-container-core-buttons-is-layout-a89b3969 wp-block-buttons-is-layout-flex\">\n<div class=\"wp-block-button \\&quot;wp-block-button\\&quot;\"><a class=\"wp-block-button__link wp-element-button\">BOKA EN BEHANDLING<\/a><\/div>\n<\/div>\n\n\n\n<p><\/p>\n\n\n\n<p class=\"has-text-align-center\">Du hittar oss p\u00e5 <a href=\"https:\/\/maps.app.goo.gl\/4uYdyFjLDMkZiRkN7\" target=\"_blank\" rel=\"noopener\" title=\"\">Esplanden 14, Norrt\u00e4lje<\/a><\/p>\n\n\n\n<p class=\"has-text-align-center\">Telefonnummer: 0176-18400<\/p>\n\n\n\n<p class=\"has-text-align-center\" id=\"block-af313f5e-3514-4476-8bb1-ec5454044045\">\u00d6nskar ni handla eller har fr\u00e5gor \u00e4r ni varmt v\u00e4lkommen att ringa<br>oss p\u00e5 0176-18400 och l\u00e4mna ett meddelande, s\u00e5 \u00e5terkommer vi <br>s\u00e5 snart vi kan.<\/p>\n\n\n\n<p class=\"has-text-align-center\">E-post: <a href=\"\\&quot;mailto:info@balansoskonhet.se\\&quot;\">info@balansoskonhet.se<\/a> <\/p>\n\n\n\n<p class=\"has-text-align-center\"><strong>\u00d6ppettider:<\/strong> <br>M\u00e5n-Tor 10.00-18.00<br>Fredag 10.00-17.00<\/p>\n\n\n\n<p class=\"has-text-align-center\"><strong>OBS!<\/strong> Under v\u00e5ra \u00f6ppettider \u00e4r d\u00f6rren ofta l\u00e5st d\u00e5 vi \u00e4r upptagna i behandling.<\/p>\n\n\n\n<p class=\"has-text-align-center\" id=\"block-6084b4f6-0d59-4134-981c-ddc34161028a\">Tack f\u00f6r er f\u00f6rst\u00e5else! Pia och Christine<\/p>\n<\/div><\/div>\n\n\n\n<hr class=\"wp-block-separator has-text-color has-ast-global-color-0-color has-alpha-channel-opacity has-ast-global-color-0-background-color has-background is-style-wide\"\/>\n\n\n\n<div class=\"wp-block-media-text has-media-on-the-right is-stacked-on-mobile\" style=\"grid-template-columns:auto 28%\"><div class=\"wp-block-media-text__content\">\n<h2 class=\"wp-block-heading\">PRESENTKORT<\/h2>\n\n\n\n<p>Presentkort &#8211; En G\u00e5va Med Omtanke <\/p>\n\n\n\n<p>Ge bort en exklusiv behandling i avslappnande milj\u00f6 p\u00e5 Balans &amp; Sk\u00f6nhet i Roslagen. En garanterat popul\u00e4r present och underbar upplevelse. Du kan \u00e4ven utnyttja presentkortet till produkter. Presentkortet \u00e4r giltigt i 12 m\u00e5nader.<\/p>\n<\/div><figure class=\"wp-block-media-text__media\"><img loading=\"lazy\" decoding=\"async\" width=\"338\" height=\"264\" src=\"https:\/\/balansoskonhet.se\/wp-content\/uploads\/2021\/12\/presentkort.jpeg\" alt=\"presentkort\" class=\"wp-image-63 size-full\" srcset=\"https:\/\/balansoskonhet.se\/wp-content\/uploads\/2021\/12\/presentkort.jpeg 338w, https:\/\/balansoskonhet.se\/wp-content\/uploads\/2021\/12\/presentkort-300x234.jpeg 300w\" sizes=\"auto, (max-width: 338px) 100vw, 338px\" \/><\/figure><\/div>\n\n\n\n<hr class=\"wp-block-separator has-text-color has-ast-global-color-0-color has-alpha-channel-opacity has-ast-global-color-0-background-color has-background is-style-wide\"\/>\n\n\n\n<div class=\"wp-block-media-text is-stacked-on-mobile\" style=\"grid-template-columns:34% auto\"><figure class=\"wp-block-media-text__media\"><img loading=\"lazy\" decoding=\"async\" width=\"640\" height=\"427\" src=\"https:\/\/balansoskonhet.se\/wp-content\/uploads\/2026\/02\/v-meets-sa-car-939908_640.jpg\" alt=\"\" class=\"wp-image-957 size-full\" srcset=\"https:\/\/balansoskonhet.se\/wp-content\/uploads\/2026\/02\/v-meets-sa-car-939908_640.jpg 640w, https:\/\/balansoskonhet.se\/wp-content\/uploads\/2026\/02\/v-meets-sa-car-939908_640-300x200.jpg 300w\" sizes=\"auto, (max-width: 640px) 100vw, 640px\" \/><\/figure><div class=\"wp-block-media-text__content\">\n<h2 class=\"wp-block-heading\">Hitta till Balans &amp; Sk\u00f6nhet i Roslagen<\/h2>\n\n\n\n<iframe src=\"https:\/\/www.google.com\/maps\/embed?pb=!1m18!1m12!1m3!1d2009.5392496644286!2d18.6906640773638!3d59.75710477670601!2m3!1f0!2f0!3f0!3m2!1i1024!2i768!4f13.1!3m3!1m2!1s0x465fbd352a2f7b47%3A0x24e2dce87c6c3e7d!2sSk%C3%B6nhetssalongen%20Christine%20H%C3%A5llinder%20c%2Fo%20Balans%20%26%20Sk%C3%B6nhet%20i%20Roslagen!5e0!3m2!1ssv!2sse!4v1771417529099!5m2!1ssv!2sse\" width=\"600\" height=\"450\" style=\"border:0;\" allowfullscreen=\"\" loading=\"lazy\" referrerpolicy=\"no-referrer-when-downgrade\"><\/iframe>\n<\/div><\/div>\n\n\n\n<p><\/p>\n","protected":false},"excerpt":{"rendered":"<p>PRESENTKORT Presentkort &#8211; En G\u00e5va Med Omtanke Ge bort en exklusiv behandling i avslappnande milj\u00f6 p\u00e5 Balans &amp; Sk\u00f6nhet i [&hellip;]<\/p>\n","protected":false},"author":1,"featured_media":0,"parent":0,"menu_order":0,"comment_status":"closed","ping_status":"closed","template":"","meta":{"om_disable_all_campaigns":false,"_monsterinsights_skip_tracking":false,"_monsterinsights_sitenote_active":false,"_monsterinsights_sitenote_note":"","_monsterinsights_sitenote_category":0,"site-sidebar-layout":"default","site-content-layout":"","ast-site-content-layout":"default","site-content-style":"default","site-sidebar-style":"default","ast-global-header-display":"","ast-banner-title-visibility":"","ast-main-header-display":"","ast-hfb-above-header-display":"","ast-hfb-below-header-display":"","ast-hfb-mobile-header-display":"","site-post-title":"disabled","ast-breadcrumbs-content":"","ast-featured-img":"","footer-sml-layout":"","ast-disable-related-posts":"","theme-transparent-header-meta":"","adv-header-id-meta":"","stick-header-meta":"","header-above-stick-meta":"","header-main-stick-meta":"","header-below-stick-meta":"","astra-migrate-meta-layouts":"default","ast-page-background-enabled":"default","ast-page-background-meta":{"desktop":{"background-color":"var(--ast-global-color-5)","background-image":"","background-repeat":"repeat","background-position":"center center","background-size":"auto","background-attachment":"scroll","background-type":"","background-media":"","overlay-type":"","overlay-color":"","overlay-opacity":"","overlay-gradient":""},"tablet":{"background-color":"","background-image":"","background-repeat":"repeat","background-position":"center center","background-size":"auto","background-attachment":"scroll","background-type":"","background-media":"","overlay-type":"","overlay-color":"","overlay-opacity":"","overlay-gradient":""},"mobile":{"background-color":"","background-image":"","background-repeat":"repeat","background-position":"center center","background-size":"auto","background-attachment":"scroll","background-type":"","background-media":"","overlay-type":"","overlay-color":"","overlay-opacity":"","overlay-gradient":""}},"ast-content-background-meta":{"desktop":{"background-color":"var(--ast-global-color-4)","background-image":"","background-repeat":"repeat","background-position":"center center","background-size":"auto","background-attachment":"scroll","background-type":"","background-media":"","overlay-type":"","overlay-color":"","overlay-opacity":"","overlay-gradient":""},"tablet":{"background-color":"var(--ast-global-color-4)","background-image":"","background-repeat":"repeat","background-position":"center center","background-size":"auto","background-attachment":"scroll","background-type":"","background-media":"","overlay-type":"","overlay-color":"","overlay-opacity":"","overlay-gradient":""},"mobile":{"background-color":"var(--ast-global-color-4)","background-image":"","background-repeat":"repeat","background-position":"center center","background-size":"auto","background-attachment":"scroll","background-type":"","background-media":"","overlay-type":"","overlay-color":"","overlay-opacity":"","overlay-gradient":""}},"footnotes":""},"class_list":["post-180","page","type-page","status-publish","hentry"],"aioseo_notices":[],"_links":{"self":[{"href":"https:\/\/balansoskonhet.se\/index.php?rest_route=\/wp\/v2\/pages\/180","targetHints":{"allow":["GET"]}}],"collection":[{"href":"https:\/\/balansoskonhet.se\/index.php?rest_route=\/wp\/v2\/pages"}],"about":[{"href":"https:\/\/balansoskonhet.se\/index.php?rest_route=\/wp\/v2\/types\/page"}],"author":[{"embeddable":true,"href":"https:\/\/balansoskonhet.se\/index.php?rest_route=\/wp\/v2\/users\/1"}],"replies":[{"embeddable":true,"href":"https:\/\/balansoskonhet.se\/index.php?rest_route=%2Fwp%2Fv2%2Fcomments&post=180"}],"version-history":[{"count":14,"href":"https:\/\/balansoskonhet.se\/index.php?rest_route=\/wp\/v2\/pages\/180\/revisions"}],"predecessor-version":[{"id":1052,"href":"https:\/\/balansoskonhet.se\/index.php?rest_route=\/wp\/v2\/pages\/180\/revisions\/1052"}],"wp:attachment":[{"href":"https:\/\/balansoskonhet.se\/index.php?rest_route=%2Fwp%2Fv2%2Fmedia&parent=180"}],"curies":[{"name":"wp","href":"https:\/\/api.w.org\/{rel}","templated":true}]}}