{"id":173,"date":"2021-12-14T07:57:51","date_gmt":"2021-12-14T07:57:51","guid":{"rendered":"https:\/\/balansoskonhet.se\/?page_id=173"},"modified":"2026-02-26T09:05:52","modified_gmt":"2026-02-26T09:05:52","slug":"om-mig","status":"publish","type":"page","link":"https:\/\/balansoskonhet.se\/?page_id=173","title":{"rendered":"OM OSS"},"content":{"rendered":"\n<p class=\"has-text-align-center \\&quot;has-text-align-center\\&quot;\">Vad roligt att du har hittat till oss p\u00e5 Balans &amp; Sk\u00f6nhet i Roslagen! <\/p>\n\n\n\n<p class=\"has-text-align-center \\&quot;has-text-align-center\\&quot;\">Vi som driver Balans &amp; Sk\u00f6nhet i Roslagen AB heter Christine H\u00e5llinder och Pia Anjou. H\u00e4r f\u00e5r du hj\u00e4lp att sk\u00e4mma bort dig sj\u00e4lv en stund. Vi erbjuder en hel del olika behandlingar.<\/p>\n\n\n\n<p class=\"has-text-align-center \\&quot;has-text-align-center\\&quot;\">Varmt v\u00e4lkommen att boka din n\u00e4sta behandling hos oss!<\/p>\n\n\n\n<p class=\"has-text-align-center \\&quot;has-text-align-center\\&quot;\">Christine &amp; Pia<\/p>\n\n\n\n<div class=\"wp-block-buttons \\&quot;wp-block-buttons\\&quot; is-content-justification-center is-layout-flex wp-container-core-buttons-is-layout-a89b3969 wp-block-buttons-is-layout-flex\">\n<div class=\"wp-block-button \\&quot;wp-block-button\\&quot;\"><a class=\"wp-block-button__link wp-element-button\" href=\"https:\/\/www.bokadirekt.se\/places\/balans-skonhet-i-roslagen-2800\" target=\"_blank\" rel=\"noreferrer noopener\">BOKA EN BEHANDLING<\/a><\/div>\n<\/div>\n\n\n\n<div class=\"wp-block-columns \\&quot;wp-block-media-text is-layout-flex wp-container-core-columns-is-layout-28f84493 wp-block-columns-is-layout-flex\">\n<div class=\"wp-block-column is-layout-flow wp-block-column-is-layout-flow\" style=\"flex-basis:50%\">\n<figure class=\"wp-block-image\"><img loading=\"lazy\" decoding=\"async\" width=\"960\" height=\"958\" src=\"https:\/\/balansoskonhet.se\/wp-content\/uploads\/2026\/02\/christine_2.jpg\" alt=\"\" class=\"wp-image-1011\" srcset=\"https:\/\/balansoskonhet.se\/wp-content\/uploads\/2026\/02\/christine_2.jpg 960w, https:\/\/balansoskonhet.se\/wp-content\/uploads\/2026\/02\/christine_2-300x300.jpg 300w, https:\/\/balansoskonhet.se\/wp-content\/uploads\/2026\/02\/christine_2-150x150.jpg 150w, https:\/\/balansoskonhet.se\/wp-content\/uploads\/2026\/02\/christine_2-768x766.jpg 768w\" sizes=\"auto, (max-width: 960px) 100vw, 960px\" \/><\/figure>\n\n\n\n<h4 class=\"wp-block-heading\">Medlem i Yrkesf\u00f6rbund<\/h4>\n\n\n\n<p>Svenska Estetikers Yrkesf\u00f6rbund<br>Sveriges Fotterapeuter<br>Kroppsterapeuternas Yrkesf\u00f6rbund<\/p>\n\n\n\n<figure class=\"wp-block-image aligncenter size-medium\"><img loading=\"lazy\" decoding=\"async\" width=\"300\" height=\"217\" src=\"https:\/\/balansoskonhet.se\/wp-content\/uploads\/2026\/02\/SEYF-300x217.png\" alt=\"\" class=\"wp-image-1040\" srcset=\"https:\/\/balansoskonhet.se\/wp-content\/uploads\/2026\/02\/SEYF-300x217.png 300w, https:\/\/balansoskonhet.se\/wp-content\/uploads\/2026\/02\/SEYF-1024x742.png 1024w, https:\/\/balansoskonhet.se\/wp-content\/uploads\/2026\/02\/SEYF-768x556.png 768w, https:\/\/balansoskonhet.se\/wp-content\/uploads\/2026\/02\/SEYF-1536x1113.png 1536w, https:\/\/balansoskonhet.se\/wp-content\/uploads\/2026\/02\/SEYF.png 1746w\" sizes=\"auto, (max-width: 300px) 100vw, 300px\" \/><\/figure>\n\n\n\n<figure class=\"wp-block-image aligncenter size-thumbnail\"><img loading=\"lazy\" decoding=\"async\" width=\"150\" height=\"150\" src=\"https:\/\/balansoskonhet.se\/wp-content\/uploads\/2026\/02\/SVfot-150x150.png\" alt=\"\" class=\"wp-image-1041\" srcset=\"https:\/\/balansoskonhet.se\/wp-content\/uploads\/2026\/02\/SVfot-150x150.png 150w, https:\/\/balansoskonhet.se\/wp-content\/uploads\/2026\/02\/SVfot.png 283w\" sizes=\"auto, (max-width: 150px) 100vw, 150px\" \/><\/figure>\n\n\n\n<figure class=\"wp-block-image aligncenter size-large\"><img loading=\"lazy\" decoding=\"async\" width=\"704\" height=\"160\" src=\"https:\/\/balansoskonhet.se\/wp-content\/uploads\/2026\/02\/Kroppsterapeuterna_logo.png\" alt=\"\" class=\"wp-image-1039\" srcset=\"https:\/\/balansoskonhet.se\/wp-content\/uploads\/2026\/02\/Kroppsterapeuterna_logo.png 704w, https:\/\/balansoskonhet.se\/wp-content\/uploads\/2026\/02\/Kroppsterapeuterna_logo-300x68.png 300w\" sizes=\"auto, (max-width: 704px) 100vw, 704px\" \/><\/figure>\n<\/div>\n\n\n\n<div class=\"wp-block-column is-layout-flow wp-block-column-is-layout-flow\" style=\"flex-basis:50%\">\n<h3 class=\"wp-block-heading \\&quot;has-large-font-size\\&quot;\">JAG \u00c4R CHRISTINE<\/h3>\n\n\n\n<p>Jag arbetar med yrket som jag dr\u00f6mde om som barn. Att f\u00e5 g\u00f6ra det varje dag \u00e4r fantastiskt, varje klient m\u00f6te, varje unikt behov och att se gl\u00e4djen \u00f6ver resultaten av mina <a href=\"\\&quot;https:\/\/balansoskonhet.se\/wp-content\/uploads\/2023\/11\/placeholder.pngbehandlingar\/\\&quot;\">behandlingar<\/a>. Detta \u00e4r verkligen n\u00e5got jag \u00e4lskar!<\/p>\n\n\n\n<p>Efter ett fantastiskt antal \u00e5r (+25) inom sk\u00f6nhets- och hudv\u00e5rdsbranschen kan jag bara s\u00e4ga att det fortfarande \u00e4r hur roligt som helst!&nbsp;Varje klient \u00e4r unik och jag \u00e4lskar dessa m\u00f6ten. Framf\u00f6rallt \u00e4r det fantastiskt roligt att se resultaten av mina behandlingar och klienternas gl\u00e4dje. Att kunna hitta r\u00e4tt behandling utifr\u00e5n just dina f\u00f6ruts\u00e4ttningar \u00e4r alltid mitt m\u00e5l. Det tillkommer ofta nya behandlingsmetoder och produkter, vilket g\u00f6r att jag str\u00e4var efter att hela tiden h\u00e5lla mig uppdaterad s\u00e5 att du ska f\u00e5 b\u00e4sta m\u00f6jliga resultat.&nbsp;<\/p>\n\n\n\n<p>Varmt v\u00e4lkommen till mig p\u00e5 Balans &amp; Sk\u00f6nhet i Roslagen!<\/p>\n\n\n\n<div class=\"wp-block-buttons \\&quot;wp-block-buttons\\&quot; is-layout-flex wp-block-buttons-is-layout-flex\">\n<div class=\"wp-block-button \\&quot;wp-block-button\\&quot;\"><a class=\"wp-block-button__link wp-element-button\" href=\"https:\/\/www.bokadirekt.se\/places\/balans-skonhet-i-roslagen-2800?sr=C9A98639_4BD4_4A73_A27E_8A3ABFEC5885\" target=\"_blank\" rel=\"noreferrer noopener\">BOKA BEHANDLING HOS CHRISTINE<\/a><\/div>\n<\/div>\n<\/div>\n\n\n\n<div class=\"wp-block-column is-layout-flow wp-block-column-is-layout-flow\" style=\"flex-basis:50%\">\n<h3 class=\"wp-block-heading \\&quot;has-large-font-size\\&quot;\">CHRISTINES UTBILDNINGAR<\/h3>\n\n\n\n<h4 class=\"wp-block-heading\">Bergqvist<\/h4>\n\n\n\n<p>Kinesisk koppning Nov 2025<\/p>\n\n\n\n<h4 class=\"wp-block-heading\">Kosmetisk Tatuerare<\/h4>\n\n\n\n<p>Eyeliner April 2018<br>Bryn Aug 2017<\/p>\n\n\n\n<h4 class=\"wp-block-heading\">International BeautySchool<\/h4>\n\n\n\n<p>Hudterapeut Dec 2000<\/p>\n\n\n\n<h4 class=\"wp-block-heading\">Axelssons<\/h4>\n\n\n\n<p>Aromaterapeut Maj 1998<br>Mass\u00f6r Sept 1998<br>Med. Fotv\u00e5rdsspecialist Okt 1998<br>Ekologisk Hudv\u00e5rd Nov 1998<\/p>\n<\/div>\n<\/div>\n\n\n\n<div class=\"wp-block-columns \\&quot;wp-block-media-text is-layout-flex wp-container-core-columns-is-layout-28f84493 wp-block-columns-is-layout-flex\">\n<div class=\"wp-block-column is-layout-flow wp-block-column-is-layout-flow\" style=\"flex-basis:50%\">\n<figure class=\"wp-block-image size-full\"><img loading=\"lazy\" decoding=\"async\" width=\"652\" height=\"628\" src=\"https:\/\/balansoskonhet.se\/wp-content\/uploads\/2026\/02\/Pia-2.png\" alt=\"\" class=\"wp-image-1007\" srcset=\"https:\/\/balansoskonhet.se\/wp-content\/uploads\/2026\/02\/Pia-2.png 652w, https:\/\/balansoskonhet.se\/wp-content\/uploads\/2026\/02\/Pia-2-300x289.png 300w\" sizes=\"auto, (max-width: 652px) 100vw, 652px\" \/><\/figure>\n<\/div>\n\n\n\n<div class=\"wp-block-column is-layout-flow wp-block-column-is-layout-flow\" style=\"flex-basis:50%\">\n<h3 class=\"wp-block-heading \\&quot;has-large-font-size\\&quot;\">JAG \u00c4R PIA<\/h3>\n\n\n\n<p>Mitt Uppdrag: Sk\u00f6nhet och V\u00e4lm\u00e5ende<\/p>\n\n\n\n<p>Utforska min historia och passion f\u00f6r att leverera sk\u00f6nhet och v\u00e4lm\u00e5ende. Jag str\u00e4var efter att uppfylla dina behov och \u00f6vertr\u00e4ffa dina f\u00f6rv\u00e4ntningar. Jag \u00e4r stolt \u00f6ver att vara din partner p\u00e5 din resa till h\u00e4lsa och sk\u00f6nhet.<\/p>\n\n\n\n<p>Jag str\u00e4var efter att \u00f6vertr\u00e4ffa f\u00f6rv\u00e4ntningar genom att erbjuda skr\u00e4ddarsydda, omsorgsfulla behandlingar.<\/p>\n\n\n\n<p>V\u00e4lkommen till mig p\u00e5 Balans &amp; Sk\u00f6nhet i Roslagen, d\u00e4r min h\u00e4ngivenhet att fr\u00e4mja ditt v\u00e4lm\u00e5ende genomsyrar varje behandling och skapar minnesv\u00e4rda stunder.<\/p>\n\n\n\n<div class=\"wp-block-buttons \\&quot;wp-block-buttons\\&quot; is-layout-flex wp-block-buttons-is-layout-flex\">\n<div class=\"wp-block-button \\&quot;wp-block-button\\&quot;\"><a class=\"wp-block-button__link wp-element-button\" href=\"https:\/\/www.bokadirekt.se\/places\/balans-skonhet-i-roslagen-2800?sr=3ADA51E6_8E81_4169_976F_3B82D31AA454\" target=\"_blank\" rel=\"noreferrer noopener\">BOKA BEHANDLING HOS PIA<\/a><\/div>\n<\/div>\n<\/div>\n\n\n\n<div class=\"wp-block-column is-layout-flow wp-block-column-is-layout-flow\" style=\"flex-basis:50%\">\n<h3 class=\"wp-block-heading \\&quot;has-large-font-size\\&quot;\">PIAS UTBILDNINGAR<\/h3>\n\n\n\n<h4 class=\"wp-block-heading\">Bergqvist<\/h4>\n\n\n\n<p>Kinesisk Koppning Nov 2025<\/p>\n\n\n\n<h4 class=\"wp-block-heading\">Yrkesh\u00f6gskolan Hudv\u00e5rd &amp; SPA<\/h4>\n\n\n\n<p>Diplomerad Hudterapeut Maj 2021<br>Diplomerad massageterapeut Maj 2021<\/p>\n\n\n\n<h4 class=\"wp-block-heading\">Yrkesf\u00f6rbund<\/h4>\n\n\n\n<p>Sveriges Hudterapeuters Riksorganisation<br>Cidesco<\/p>\n\n\n\n<figure class=\"wp-block-image aligncenter size-medium\"><img loading=\"lazy\" decoding=\"async\" width=\"300\" height=\"212\" src=\"https:\/\/balansoskonhet.se\/wp-content\/uploads\/2026\/02\/SHR-300x212.png\" alt=\"\" class=\"wp-image-1034\"\/><\/figure>\n<\/div>\n<\/div>\n","protected":false},"excerpt":{"rendered":"<p>Vad roligt att du har hittat till oss p\u00e5 Balans &amp; Sk\u00f6nhet i Roslagen! Vi som driver Balans &amp; Sk\u00f6nhet [&hellip;]<\/p>\n","protected":false},"author":1,"featured_media":0,"parent":0,"menu_order":0,"comment_status":"closed","ping_status":"closed","template":"","meta":{"om_disable_all_campaigns":false,"_monsterinsights_skip_tracking":false,"_monsterinsights_sitenote_active":false,"_monsterinsights_sitenote_note":"","_monsterinsights_sitenote_category":0,"site-sidebar-layout":"default","site-content-layout":"","ast-site-content-layout":"default","site-content-style":"default","site-sidebar-style":"default","ast-global-header-display":"","ast-banner-title-visibility":"","ast-main-header-display":"","ast-hfb-above-header-display":"","ast-hfb-below-header-display":"","ast-hfb-mobile-header-display":"","site-post-title":"disabled","ast-breadcrumbs-content":"","ast-featured-img":"","footer-sml-layout":"","ast-disable-related-posts":"","theme-transparent-header-meta":"","adv-header-id-meta":"","stick-header-meta":"","header-above-stick-meta":"","header-main-stick-meta":"","header-below-stick-meta":"","astra-migrate-meta-layouts":"default","ast-page-background-enabled":"default","ast-page-background-meta":{"desktop":{"background-color":"var(--ast-global-color-5)","background-image":"","background-repeat":"repeat","background-position":"center center","background-size":"auto","background-attachment":"scroll","background-type":"","background-media":"","overlay-type":"","overlay-color":"","overlay-opacity":"","overlay-gradient":""},"tablet":{"background-color":"","background-image":"","background-repeat":"repeat","background-position":"center center","background-size":"auto","background-attachment":"scroll","background-type":"","background-media":"","overlay-type":"","overlay-color":"","overlay-opacity":"","overlay-gradient":""},"mobile":{"background-color":"","background-image":"","background-repeat":"repeat","background-position":"center center","background-size":"auto","background-attachment":"scroll","background-type":"","background-media":"","overlay-type":"","overlay-color":"","overlay-opacity":"","overlay-gradient":""}},"ast-content-background-meta":{"desktop":{"background-color":"var(--ast-global-color-4)","background-image":"","background-repeat":"repeat","background-position":"center center","background-size":"auto","background-attachment":"scroll","background-type":"","background-media":"","overlay-type":"","overlay-color":"","overlay-opacity":"","overlay-gradient":""},"tablet":{"background-color":"var(--ast-global-color-4)","background-image":"","background-repeat":"repeat","background-position":"center center","background-size":"auto","background-attachment":"scroll","background-type":"","background-media":"","overlay-type":"","overlay-color":"","overlay-opacity":"","overlay-gradient":""},"mobile":{"background-color":"var(--ast-global-color-4)","background-image":"","background-repeat":"repeat","background-position":"center center","background-size":"auto","background-attachment":"scroll","background-type":"","background-media":"","overlay-type":"","overlay-color":"","overlay-opacity":"","overlay-gradient":""}},"footnotes":""},"class_list":["post-173","page","type-page","status-publish","hentry"],"aioseo_notices":[],"_links":{"self":[{"href":"https:\/\/balansoskonhet.se\/index.php?rest_route=\/wp\/v2\/pages\/173","targetHints":{"allow":["GET"]}}],"collection":[{"href":"https:\/\/balansoskonhet.se\/index.php?rest_route=\/wp\/v2\/pages"}],"about":[{"href":"https:\/\/balansoskonhet.se\/index.php?rest_route=\/wp\/v2\/types\/page"}],"author":[{"embeddable":true,"href":"https:\/\/balansoskonhet.se\/index.php?rest_route=\/wp\/v2\/users\/1"}],"replies":[{"embeddable":true,"href":"https:\/\/balansoskonhet.se\/index.php?rest_route=%2Fwp%2Fv2%2Fcomments&post=173"}],"version-history":[{"count":10,"href":"https:\/\/balansoskonhet.se\/index.php?rest_route=\/wp\/v2\/pages\/173\/revisions"}],"predecessor-version":[{"id":1064,"href":"https:\/\/balansoskonhet.se\/index.php?rest_route=\/wp\/v2\/pages\/173\/revisions\/1064"}],"wp:attachment":[{"href":"https:\/\/balansoskonhet.se\/index.php?rest_route=%2Fwp%2Fv2%2Fmedia&parent=173"}],"curies":[{"name":"wp","href":"https:\/\/api.w.org\/{rel}","templated":true}]}}