{"id":165,"date":"2021-12-14T07:53:23","date_gmt":"2021-12-14T07:53:23","guid":{"rendered":"https:\/\/balansoskonhet.se\/?page_id=165"},"modified":"2026-02-25T10:18:24","modified_gmt":"2026-02-25T10:18:24","slug":"kosttillskott","status":"publish","type":"page","link":"https:\/\/balansoskonhet.se\/?page_id=165","title":{"rendered":"Min resa till v\u00e4lm\u00e5ende med FitLine"},"content":{"rendered":"\n<h1 class=\"wp-block-heading\">Ditt b\u00e4sta v\u00e4lm\u00e5ende<\/h1>\n\n\n\n<p>Tillf\u00f6r n\u00e4ring f\u00f6r b\u00e5de ditt inre och yttre med n\u00e4ringstillskott. Detta \u00e4r en h\u00e5llbar och l\u00e5ngsiktig investering i ditt v\u00e4lm\u00e5ende. Hos Balans &amp; Sk\u00f6nhet i Roslagen hittar du\u00a0 Fitline som hj\u00e4lper dig till ditt b\u00e4sta v\u00e4lm\u00e5ende.<\/p>\n\n\n\n<p>L\u00e4s om min resa och hur Fitline\u00ae hj\u00e4lpt mig till ett b\u00e4ttre v\u00e4lm\u00e5ende h\u00e4r nedanf\u00f6r.<\/p>\n\n\n\n<p>F\u00f6lj g\u00e4rna <a href=\"http:\/\/\\&quot;https:\/\/www.instagram.com\/explore\/tags\/dittb%C3%A4stav%C3%A4lm%C3%A5ende\/\\&quot;\" target=\"_blank\" rel=\"noopener\" title=\"\">#dittb\u00e4stav\u00e4lm\u00e5ende<\/a> f\u00f6r tips och inspiration.<\/p>\n\n\n\n<h2 class=\"wp-block-heading\">FITLINE\u00ae<\/h2>\n\n\n\n<figure class=\"wp-block-gallery has-nested-images columns-4 is-cropped has-border-color has-ast-global-color-0-border-color has-ast-global-color-0-background-color has-background wp-block-gallery-1 is-layout-flex wp-block-gallery-is-layout-flex\" style=\"border-width:10px\">\n<figure class=\"wp-block-image size-medium\"><img loading=\"lazy\" decoding=\"async\" width=\"300\" height=\"300\" data-id=\"633\" src=\"https:\/\/balansoskonhet.se\/wp-content\/uploads\/2022\/09\/ActivizeSplash_wFruitsNoClaims-300x300.jpg\" alt=\"\" class=\"wp-image-633\" srcset=\"https:\/\/balansoskonhet.se\/wp-content\/uploads\/2022\/09\/ActivizeSplash_wFruitsNoClaims-300x300.jpg 300w, https:\/\/balansoskonhet.se\/wp-content\/uploads\/2022\/09\/ActivizeSplash_wFruitsNoClaims-150x150.jpg 150w, https:\/\/balansoskonhet.se\/wp-content\/uploads\/2022\/09\/ActivizeSplash_wFruitsNoClaims-768x768.jpg 768w, https:\/\/balansoskonhet.se\/wp-content\/uploads\/2022\/09\/ActivizeSplash_wFruitsNoClaims.jpg 800w\" sizes=\"auto, (max-width: 300px) 100vw, 300px\" \/><\/figure>\n\n\n\n<figure class=\"wp-block-image size-medium\"><img loading=\"lazy\" decoding=\"async\" width=\"300\" height=\"300\" data-id=\"632\" src=\"https:\/\/balansoskonhet.se\/wp-content\/uploads\/2022\/09\/PowerCocktailSplash_NoClaims-1024x1024-1-300x300.jpg\" alt=\"\" class=\"wp-image-632\" srcset=\"https:\/\/balansoskonhet.se\/wp-content\/uploads\/2022\/09\/PowerCocktailSplash_NoClaims-1024x1024-1-300x300.jpg 300w, https:\/\/balansoskonhet.se\/wp-content\/uploads\/2022\/09\/PowerCocktailSplash_NoClaims-1024x1024-1-150x150.jpg 150w, https:\/\/balansoskonhet.se\/wp-content\/uploads\/2022\/09\/PowerCocktailSplash_NoClaims-1024x1024-1-768x768.jpg 768w, https:\/\/balansoskonhet.se\/wp-content\/uploads\/2022\/09\/PowerCocktailSplash_NoClaims-1024x1024-1.jpg 1000w\" sizes=\"auto, (max-width: 300px) 100vw, 300px\" \/><\/figure>\n\n\n\n<figure class=\"wp-block-image size-medium\"><img loading=\"lazy\" decoding=\"async\" width=\"294\" height=\"300\" data-id=\"628\" src=\"https:\/\/balansoskonhet.se\/wp-content\/uploads\/2022\/09\/optimal_set_family-294x300.jpg\" alt=\"\" class=\"wp-image-628\" srcset=\"https:\/\/balansoskonhet.se\/wp-content\/uploads\/2022\/09\/optimal_set_family-294x300.jpg 294w, https:\/\/balansoskonhet.se\/wp-content\/uploads\/2022\/09\/optimal_set_family-768x783.jpg 768w, https:\/\/balansoskonhet.se\/wp-content\/uploads\/2022\/09\/optimal_set_family.jpg 1000w\" sizes=\"auto, (max-width: 294px) 100vw, 294px\" \/><\/figure>\n\n\n\n<figure class=\"wp-block-image size-medium\"><img loading=\"lazy\" decoding=\"async\" width=\"300\" height=\"300\" data-id=\"47\" src=\"https:\/\/balansoskonhet.se\/wp-content\/uploads\/2021\/12\/1-300x300.jpg\" alt=\"\" class=\"wp-image-47\" srcset=\"https:\/\/balansoskonhet.se\/wp-content\/uploads\/2021\/12\/1-300x300.jpg 300w, https:\/\/balansoskonhet.se\/wp-content\/uploads\/2021\/12\/1-1024x1024.jpg 1024w, https:\/\/balansoskonhet.se\/wp-content\/uploads\/2021\/12\/1-150x150.jpg 150w, https:\/\/balansoskonhet.se\/wp-content\/uploads\/2021\/12\/1-768x768.jpg 768w, https:\/\/balansoskonhet.se\/wp-content\/uploads\/2021\/12\/1.jpg 1080w\" sizes=\"auto, (max-width: 300px) 100vw, 300px\" \/><\/figure>\n<\/figure>\n\n\n\n<p><em>Fitline\u00ae kosttillskott hj\u00e4lper dig att ta dig an de dagliga utmaningarna och att h\u00e5lla din h\u00e4lsa och din prestationsniv\u00e5 p\u00e5 topp upp till en h\u00f6g \u00e5lder.Oavbruten press, stress och d\u00e5liga matvanor \u00e4r de grundl\u00e4ggande anledningarna till att m\u00e5nga inte l\u00e4ngre lever upp till sina f\u00f6rv\u00e4ntningar p\u00e5 jobbet och\/eller privat.Hur produkterna kan hj\u00e4lpa digN\u00e4rings Transport Konceptet (NTC\u00ae) som utvecklats av v\u00e5ra forskare ger n\u00e4ring till de st\u00e4llen d\u00e4r de beh\u00f6vs n\u00e4r de beh\u00f6vs, p\u00e5 cellniv\u00e5 inifr\u00e5n och ut. Det st\u00e4rker inte bara immunf\u00f6rsvaret utan hj\u00e4lper ocks\u00e5 hj\u00e4rtat och blodcirkulationen s\u00e5 du k\u00e4nner dig frisk och kan fungera hela dagen.<\/em><\/p>\n\n\n\n<div class=\"wp-block-columns is-layout-flex wp-container-core-columns-is-layout-28f84493 wp-block-columns-is-layout-flex\">\n<div class=\"wp-block-column is-layout-flow wp-block-column-is-layout-flow\"><h3 class=\"wp-block-post-title\">Min resa till v\u00e4lm\u00e5ende med FitLine<\/h3>\n\n\n<p>N\u00e4r allt \u201dstartar i magen\u201d, vad kan d\u00e5 vara b\u00e4ttre \u00e4n ett kosttillskott som \u00e4r optimalt balanserat f\u00f6r l\u00e4kning\/balans i mage o tarm?<\/p>\n\n\n\n<p>Med endast tv\u00e5 p\u00e5sar, en p\u00e5 morgonen och en p\u00e5 kv\u00e4llen, d\u00e4r morgondrinken motsvarar 1,5kg frukt och gr\u00f6nt, kv\u00e4llsdrinken inneh\u00e5ller mineraler som \u201dst\u00e4dar\u201d upp i mage och tarm och ser till att vi inte blir f\u00f6rsurade i kroppen, kan det bli enklare?<\/p>\n\n\n\n<h3 class=\"wp-block-heading\">Vad har d\u00e5 FitLine gjort f\u00f6r mig s\u00e5 jag blev helt k\u00e4r i dessa produkter?<\/h3>\n\n\n\n<p>Jag har slutat med huvudv\u00e4rkstabletter. Detta efter dagligt intag sedan jan -01 och dessutom n\u00e4stan halverat min dos \u201ddepp-medicin\u201d Sertralin som jag tagit sedan mars -06. Dessutom har jag tagit bort insomningstabletter som jag haft sedan mars -06, \u00e4ven min pollenallergi har blivit b\u00e4ttre.<\/p>\n\n\n\n<h3 class=\"wp-block-heading\">Vad var det d\u00e5 som h\u00e4nde 2001 och 2006?<\/h3>\n\n\n\n<p>Jo i januari -01 b\u00f6rjade jag f\u00e5 huvudv\u00e4rk som bara eskalerade och ingenting hj\u00e4lpte m\u00f6jligen lindrade n\u00e5got men den f\u00f6rsvann inte s\u00e5 jag upps\u00f6ker l\u00e4kare varp\u00e5 de misst\u00e4nker hj\u00e4rntum\u00f6r varp\u00e5 jag blir inlagd p\u00e5 Uppsala Akademiska i en vecka men man kan inte lokalisera n\u00e5gon hj\u00e4rntum\u00f6r s\u00e5 jag f\u00e5r komma hem, men huvudv\u00e4rken fortsatte och jag tog nog minst 6 olika v\u00e4rktabletter\/dag f\u00f6r att lindra s\u00e5 gott det gick, f\u00f6rs\u00f6kte med massage och akupunktur men ingenting tog bort v\u00e4rken utan bara lindrade lite.<br>Jag fick \u00e4ven hj\u00e4rtklappning och skakningar i h\u00e4nderna och vallningar s\u00e5 trodde ju att det var klimakteriet \u2026.vilket det inte var. S\u00e5ledes blev det m\u00e5nga l\u00e4karbes\u00f6k, men ingen f\u00f6rstod vad som var fel.<br>Mars -06 s\u00e5 hamnade jag i en riktigt sv\u00e5r depression men d\u00e5 fick jag hj\u00e4lp med Sertralin \u201ddepp-medicin\u201d. Dessutom fick jag insomningstabletter eftersom jag hade v\u00e4ldiga problem att sova. Jag gick \u00e4ven p\u00e5 samtal, d\u00e4r tyckte man att jag jobbade f\u00f6r mycket s\u00e5 det var nog problemet.<\/p>\n<\/div>\n\n\n\n<div class=\"wp-block-column is-layout-flow wp-block-column-is-layout-flow\">\n<h3 class=\"wp-block-heading\">V\u00e4ndpunkten f\u00f6r min h\u00e4lsa<\/h3>\n\n\n\n<p>Mars -11 fick jag upps\u00f6ka l\u00e4kare d\u00e5 jag f\u00e5tt andra problem och d\u00e5 blev det lite noggrannare unders\u00f6kningar. Till slut uppt\u00e4cks att jag har haft en hormonell cancer i drygt 10 \u00e5r och de problem\/symptom jag haft sen -01 \u00e4r biverkningar. I juli -11 opereras jag f\u00f6rsta g\u00e5ngen och sedan beh\u00f6vde jag en operation till i sept -12 pga metastaser. Men eftersom jag haft detta s\u00e5 m\u00e5nga \u00e5r och med alldeles f\u00f6r h\u00f6gt p\u00e5slag av Adrenalin och Noradrenalin s\u00e5 kunde jag \u00e4nd\u00e5 inte ta bort n\u00e5gon medicinering jag kunde minska men absolut inte sluta. Detta blev n\u00e5got av vardag f\u00f6r mig.<\/p>\n\n\n\n<p>Februari 2021 blev jag introducerad f\u00f6r FitLine men var inte konsekvent under hela \u00e5ret s\u00e5 jag m\u00e4rkte s\u00e5klart ingen f\u00f6rb\u00e4ttring. Jag r\u00e4knade inte med att kunna bli av med huvudv\u00e4rken eller s\u00e4nka min \u201ddepp\u201d medicin utan bara allm\u00e4nt bli piggare och friskare generellt. Jag har tidigare testat b\u00e5de Forever Livings aloe juicer samt Zinzinos kapslar och \u00e4ven Noni juice utan n\u00e5gra som helst skillnader i v\u00e4lm\u00e5ende. I januari -22 efter tv\u00e5 omg\u00e5ngar Covid b\u00f6rjade jag anv\u00e4nda dubbel dos morgon o kv\u00e4ll i n\u00e5gra m\u00e5nader\u201d\u2026 Det gjorde jag och efter ca 3-4 m\u00e5nader s\u00e5 m\u00e4rkte jag vilken energi och ork jag fick. Dagen f\u00f6re midsommar st\u00e5r jag p\u00e5 aff\u00e4ren och ska betala min mat och kommer p\u00e5 att, \u201dja just det lite huvudv\u00e4rkstabletter ox\u00e5\u201d. Men s\u00e5 b\u00f6rjade huvudet och arbeta \ud83d\ude09 jag kommer d\u00e5 p\u00e5 att jag har inte tagit n\u00e5gra tabletter p\u00e5 ca tv\u00e5-tre veckor. Jag har mao inte vaknat med huvudv\u00e4rk, wow!<\/p>\n\n\n\n<p>Skum k\u00e4nsla men s\u00e5 underbart att leva utan huvudv\u00e4rk, som ni f\u00f6rst\u00e5r kommer jag aldrig att sluta med denna \u201dDunder Honung\u201d.<\/p>\n\n\n\n<figure class=\"wp-block-image size-full\"><img loading=\"lazy\" decoding=\"async\" width=\"638\" height=\"249\" src=\"https:\/\/balansoskonhet.se\/wp-content\/uploads\/2021\/12\/bygg-4.jpg\" alt=\"\" class=\"wp-image-51\" srcset=\"https:\/\/balansoskonhet.se\/wp-content\/uploads\/2021\/12\/bygg-4.jpg 638w, https:\/\/balansoskonhet.se\/wp-content\/uploads\/2021\/12\/bygg-4-300x117.jpg 300w\" sizes=\"auto, (max-width: 638px) 100vw, 638px\" \/><\/figure>\n<\/div>\n<\/div>\n\n\n\n<div class=\"wp-block-media-text is-stacked-on-mobile\"><figure class=\"wp-block-media-text__media\"><img loading=\"lazy\" decoding=\"async\" width=\"960\" height=\"640\" src=\"https:\/\/balansoskonhet.se\/wp-content\/uploads\/2021\/12\/bild-3.jpeg\" alt=\"kontakt\" class=\"wp-image-78 size-full\" srcset=\"https:\/\/balansoskonhet.se\/wp-content\/uploads\/2021\/12\/bild-3.jpeg 960w, https:\/\/balansoskonhet.se\/wp-content\/uploads\/2021\/12\/bild-3-300x200.jpeg 300w, https:\/\/balansoskonhet.se\/wp-content\/uploads\/2021\/12\/bild-3-768x512.jpeg 768w\" sizes=\"auto, (max-width: 960px) 100vw, 960px\" \/><\/figure><div class=\"wp-block-media-text__content\">\n<p>Vill du veta mer om Fitline\u00ae och hur dessa fantastiska produkter kan hj\u00e4lpa dig? Kontakta mig, <a href=\"mailto:christine@balansoskonhet.se\" title=\"\">Christine<\/a><\/p>\n\n\n\n<p>Friska V\u00e4lm\u00e5ende Kramar<br>Christine<\/p>\n<\/div><\/div>\n","protected":false},"excerpt":{"rendered":"<p>Ditt b\u00e4sta v\u00e4lm\u00e5ende Tillf\u00f6r n\u00e4ring f\u00f6r b\u00e5de ditt inre och yttre med n\u00e4ringstillskott. Detta \u00e4r en h\u00e5llbar och l\u00e5ngsiktig investering [&hellip;]<\/p>\n","protected":false},"author":1,"featured_media":0,"parent":151,"menu_order":0,"comment_status":"closed","ping_status":"closed","template":"","meta":{"om_disable_all_campaigns":false,"_monsterinsights_skip_tracking":false,"_monsterinsights_sitenote_active":false,"_monsterinsights_sitenote_note":"","_monsterinsights_sitenote_category":0,"site-sidebar-layout":"default","site-content-layout":"","ast-site-content-layout":"default","site-content-style":"default","site-sidebar-style":"default","ast-global-header-display":"","ast-banner-title-visibility":"","ast-main-header-display":"","ast-hfb-above-header-display":"","ast-hfb-below-header-display":"","ast-hfb-mobile-header-display":"","site-post-title":"disabled","ast-breadcrumbs-content":"","ast-featured-img":"","footer-sml-layout":"","ast-disable-related-posts":"","theme-transparent-header-meta":"","adv-header-id-meta":"","stick-header-meta":"","header-above-stick-meta":"","header-main-stick-meta":"","header-below-stick-meta":"","astra-migrate-meta-layouts":"default","ast-page-background-enabled":"default","ast-page-background-meta":{"desktop":{"background-color":"var(--ast-global-color-5)","background-image":"","background-repeat":"repeat","background-position":"center center","background-size":"auto","background-attachment":"scroll","background-type":"","background-media":"","overlay-type":"","overlay-color":"","overlay-opacity":"","overlay-gradient":""},"tablet":{"background-color":"","background-image":"","background-repeat":"repeat","background-position":"center center","background-size":"auto","background-attachment":"scroll","background-type":"","background-media":"","overlay-type":"","overlay-color":"","overlay-opacity":"","overlay-gradient":""},"mobile":{"background-color":"","background-image":"","background-repeat":"repeat","background-position":"center center","background-size":"auto","background-attachment":"scroll","background-type":"","background-media":"","overlay-type":"","overlay-color":"","overlay-opacity":"","overlay-gradient":""}},"ast-content-background-meta":{"desktop":{"background-color":"var(--ast-global-color-4)","background-image":"","background-repeat":"repeat","background-position":"center center","background-size":"auto","background-attachment":"scroll","background-type":"","background-media":"","overlay-type":"","overlay-color":"","overlay-opacity":"","overlay-gradient":""},"tablet":{"background-color":"var(--ast-global-color-4)","background-image":"","background-repeat":"repeat","background-position":"center center","background-size":"auto","background-attachment":"scroll","background-type":"","background-media":"","overlay-type":"","overlay-color":"","overlay-opacity":"","overlay-gradient":""},"mobile":{"background-color":"var(--ast-global-color-4)","background-image":"","background-repeat":"repeat","background-position":"center center","background-size":"auto","background-attachment":"scroll","background-type":"","background-media":"","overlay-type":"","overlay-color":"","overlay-opacity":"","overlay-gradient":""}},"footnotes":""},"class_list":["post-165","page","type-page","status-publish","hentry"],"aioseo_notices":[],"_links":{"self":[{"href":"https:\/\/balansoskonhet.se\/index.php?rest_route=\/wp\/v2\/pages\/165","targetHints":{"allow":["GET"]}}],"collection":[{"href":"https:\/\/balansoskonhet.se\/index.php?rest_route=\/wp\/v2\/pages"}],"about":[{"href":"https:\/\/balansoskonhet.se\/index.php?rest_route=\/wp\/v2\/types\/page"}],"author":[{"embeddable":true,"href":"https:\/\/balansoskonhet.se\/index.php?rest_route=\/wp\/v2\/users\/1"}],"replies":[{"embeddable":true,"href":"https:\/\/balansoskonhet.se\/index.php?rest_route=%2Fwp%2Fv2%2Fcomments&post=165"}],"version-history":[{"count":3,"href":"https:\/\/balansoskonhet.se\/index.php?rest_route=\/wp\/v2\/pages\/165\/revisions"}],"predecessor-version":[{"id":1027,"href":"https:\/\/balansoskonhet.se\/index.php?rest_route=\/wp\/v2\/pages\/165\/revisions\/1027"}],"up":[{"embeddable":true,"href":"https:\/\/balansoskonhet.se\/index.php?rest_route=\/wp\/v2\/pages\/151"}],"wp:attachment":[{"href":"https:\/\/balansoskonhet.se\/index.php?rest_route=%2Fwp%2Fv2%2Fmedia&parent=165"}],"curies":[{"name":"wp","href":"https:\/\/api.w.org\/{rel}","templated":true}]}}