{"id":151,"date":"2021-12-14T07:42:57","date_gmt":"2021-12-14T07:42:57","guid":{"rendered":"https:\/\/balansoskonhet.se\/?page_id=151"},"modified":"2026-02-25T10:42:24","modified_gmt":"2026-02-25T10:42:24","slug":"hudvardsprodukter","status":"publish","type":"page","link":"https:\/\/balansoskonhet.se\/?page_id=151","title":{"rendered":"PRODUKTER"},"content":{"rendered":"\n<h1 class=\"wp-block-heading\">HUDV\u00c5RDSPRODUKTER<\/h1>\n\n\n\n<h2 class=\"wp-block-heading\">HUDV\u00c5RDS PRODUKTER<\/h2>\n\n\n\n<p>N\u00e4r du f\u00e5r en behandling hos oss p\u00e5 Balans &amp; Sk\u00f6nhet i Roslage anv\u00e4nder vi v\u00e4l utvalda hudv\u00e5rdsprodukter av h\u00f6gsta kvalitet och d\u00e5 vet du att du kan lita p\u00e5 b\u00e4sta m\u00f6jliga resultat. H\u00e4r kan du l\u00e4sa om alla produkterna och om v\u00e5ra popul\u00e4ra presentkort. Dessa \u00e4r en fin g\u00e5va till n\u00e5gon du bryr dig om.&nbsp;<\/p>\n\n\n\n<div class=\"wp-block-buttons is-content-justification-center is-layout-flex wp-container-core-buttons-is-layout-a89b3969 wp-block-buttons-is-layout-flex\">\n<div class=\"wp-block-button\"><a class=\"wp-block-button__link wp-element-button\" href=\"https:\/\/www.bokadirekt.se\/places\/balans-skonhet-i-roslagen-2800\" target=\"_blank\" rel=\"noreferrer noopener\">BOKA EN BEHANDLING<\/a><\/div>\n<\/div>\n\n\n\n<h2 class=\"wp-block-heading\">Vill du l\u00e4sa mer om din favorit produkt? V\u00e4lj bland nedan hudv\u00e5rdsprodukter<\/h2>\n\n\n\n<p><\/p>\n\n\n\n<div class=\"wp-block-media-text is-stacked-on-mobile\" style=\"grid-template-columns:40% auto\"><figure class=\"wp-block-media-text__media\"><img loading=\"lazy\" decoding=\"async\" width=\"901\" height=\"450\" src=\"https:\/\/balansoskonhet.se\/wp-content\/uploads\/2021\/12\/PRIORI-LOGO-Wordmark-Adaptive-Skincare_FA.jpeg\" alt=\"hudv\u00e5rdsprodukter logo\" class=\"wp-image-56 size-full\" srcset=\"https:\/\/balansoskonhet.se\/wp-content\/uploads\/2021\/12\/PRIORI-LOGO-Wordmark-Adaptive-Skincare_FA.jpeg 901w, https:\/\/balansoskonhet.se\/wp-content\/uploads\/2021\/12\/PRIORI-LOGO-Wordmark-Adaptive-Skincare_FA-300x150.jpeg 300w, https:\/\/balansoskonhet.se\/wp-content\/uploads\/2021\/12\/PRIORI-LOGO-Wordmark-Adaptive-Skincare_FA-768x384.jpeg 768w\" sizes=\"auto, (max-width: 901px) 100vw, 901px\" \/><\/figure><div class=\"wp-block-media-text__content\">\n<h2 class=\"wp-block-heading\">PRIORI <\/h2>\n\n\n\n<p>erbjuder h\u00f6gpresterande behandlingar anpassade f\u00f6r att m\u00f6ta individuella hudv\u00e5rdsbehov. Deras peelbehandlingar, i kombination med skr\u00e4ddarsydda hudv\u00e5rdsprogram f\u00f6r hemmabruk, ger exceptionella och snabba resultat &#8211; NO DOWN TIME<\/p>\n<\/div><\/div>\n\n\n\n<p><\/p>\n\n\n\n<div class=\"wp-block-media-text has-media-on-the-right is-stacked-on-mobile\" style=\"grid-template-columns:auto 40%\"><div class=\"wp-block-media-text__content\">\n<h3 class=\"wp-block-heading\">M PICAUT<\/h3>\n\n\n\n<p>\u00e4r en resultatinriktad hudv\u00e5rdsserie med avancerad exoluxury och samtliga produkter \u00e4r tillverkade i Sverige!<\/p>\n\n\n\n<p>Naturen erbjuder det mesta som beh\u00f6vs och M Picauts ingredienser kommer fr\u00e5n ekologiskt certifierade odlingar som sk\u00f6ts med omsorg och v\u00e4rnar om en b\u00e4ttre milj\u00f6.<\/p>\n<\/div><figure class=\"wp-block-media-text__media\"><img loading=\"lazy\" decoding=\"async\" width=\"1024\" height=\"486\" src=\"https:\/\/balansoskonhet.se\/wp-content\/uploads\/2026\/02\/m-picaut-samling-1024x486.jpg\" alt=\"\" class=\"wp-image-1028 size-large\" srcset=\"https:\/\/balansoskonhet.se\/wp-content\/uploads\/2026\/02\/m-picaut-samling-1024x486.jpg 1024w, https:\/\/balansoskonhet.se\/wp-content\/uploads\/2026\/02\/m-picaut-samling-300x143.jpg 300w, https:\/\/balansoskonhet.se\/wp-content\/uploads\/2026\/02\/m-picaut-samling-768x365.jpg 768w, https:\/\/balansoskonhet.se\/wp-content\/uploads\/2026\/02\/m-picaut-samling-1536x730.jpg 1536w, https:\/\/balansoskonhet.se\/wp-content\/uploads\/2026\/02\/m-picaut-samling.jpg 1600w\" sizes=\"auto, (max-width: 1024px) 100vw, 1024px\" \/><\/figure><\/div>\n\n\n\n<p><\/p>\n\n\n\n<div class=\"wp-block-media-text is-stacked-on-mobile is-image-fill-element\" style=\"grid-template-columns:40% auto\"><figure class=\"wp-block-media-text__media\"><img loading=\"lazy\" decoding=\"async\" width=\"800\" height=\"800\" src=\"https:\/\/balansoskonhet.se\/wp-content\/uploads\/2025\/11\/Nannic-Classic-v3.webp\" alt=\"\" class=\"wp-image-892 size-full\" style=\"object-position:78% 100%\" srcset=\"https:\/\/balansoskonhet.se\/wp-content\/uploads\/2025\/11\/Nannic-Classic-v3.webp 800w, https:\/\/balansoskonhet.se\/wp-content\/uploads\/2025\/11\/Nannic-Classic-v3-300x300.webp 300w, https:\/\/balansoskonhet.se\/wp-content\/uploads\/2025\/11\/Nannic-Classic-v3-150x150.webp 150w, https:\/\/balansoskonhet.se\/wp-content\/uploads\/2025\/11\/Nannic-Classic-v3-768x768.webp 768w\" sizes=\"auto, (max-width: 800px) 100vw, 800px\" \/><\/figure><div class=\"wp-block-media-text__content\">\n<h3 class=\"wp-block-heading\">NANNIC &#8211; \u00c4kta sk\u00f6nhet b\u00f6rjar med inre v\u00e4lm\u00e5ende<\/h3>\n\n\n\n<p>Nannic ser huden som mer \u00e4n bara en yta \u2013 den \u00e4r en levande ber\u00e4ttelse.<br>V\u00e5ra prebiotiska formuleringar ger n\u00e4ring \u00e5t huden och st\u00e4rker dess naturliga intelligens, med naturens kraft och vetenskapens precision. V\u00e5r mission? Att f\u00e5 sk\u00f6nhet att str\u00e5la inifr\u00e5n \u2013 med omsorg och respekt.<\/p>\n<\/div><\/div>\n\n\n\n<p><\/p>\n\n\n\n<div class=\"wp-block-buttons is-content-justification-center is-layout-flex wp-container-core-buttons-is-layout-a89b3969 wp-block-buttons-is-layout-flex\">\n<div class=\"wp-block-button\"><a class=\"wp-block-button__link wp-element-button\" href=\"https:\/\/www.bokadirekt.se\/places\/balans-skonhet-i-roslagen-2800\" target=\"_blank\" rel=\"noreferrer noopener\">BOKA EN BEHANDLING<\/a><\/div>\n<\/div>\n","protected":false},"excerpt":{"rendered":"<p>HUDV\u00c5RDSPRODUKTER HUDV\u00c5RDS PRODUKTER N\u00e4r du f\u00e5r en behandling hos oss p\u00e5 Balans &amp; Sk\u00f6nhet i Roslage anv\u00e4nder vi v\u00e4l utvalda [&hellip;]<\/p>\n","protected":false},"author":1,"featured_media":79,"parent":0,"menu_order":0,"comment_status":"closed","ping_status":"closed","template":"","meta":{"om_disable_all_campaigns":false,"_monsterinsights_skip_tracking":false,"_monsterinsights_sitenote_active":false,"_monsterinsights_sitenote_note":"","_monsterinsights_sitenote_category":0,"site-sidebar-layout":"default","site-content-layout":"","ast-site-content-layout":"default","site-content-style":"default","site-sidebar-style":"default","ast-global-header-display":"","ast-banner-title-visibility":"","ast-main-header-display":"","ast-hfb-above-header-display":"","ast-hfb-below-header-display":"","ast-hfb-mobile-header-display":"","site-post-title":"disabled","ast-breadcrumbs-content":"","ast-featured-img":"disabled","footer-sml-layout":"","ast-disable-related-posts":"","theme-transparent-header-meta":"","adv-header-id-meta":"","stick-header-meta":"","header-above-stick-meta":"","header-main-stick-meta":"","header-below-stick-meta":"","astra-migrate-meta-layouts":"default","ast-page-background-enabled":"default","ast-page-background-meta":{"desktop":{"background-color":"var(--ast-global-color-5)","background-image":"","background-repeat":"repeat","background-position":"center center","background-size":"auto","background-attachment":"scroll","background-type":"","background-media":"","overlay-type":"","overlay-color":"","overlay-opacity":"","overlay-gradient":""},"tablet":{"background-color":"","background-image":"","background-repeat":"repeat","background-position":"center center","background-size":"auto","background-attachment":"scroll","background-type":"","background-media":"","overlay-type":"","overlay-color":"","overlay-opacity":"","overlay-gradient":""},"mobile":{"background-color":"","background-image":"","background-repeat":"repeat","background-position":"center center","background-size":"auto","background-attachment":"scroll","background-type":"","background-media":"","overlay-type":"","overlay-color":"","overlay-opacity":"","overlay-gradient":""}},"ast-content-background-meta":{"desktop":{"background-color":"var(--ast-global-color-4)","background-image":"","background-repeat":"repeat","background-position":"center center","background-size":"auto","background-attachment":"scroll","background-type":"","background-media":"","overlay-type":"","overlay-color":"","overlay-opacity":"","overlay-gradient":""},"tablet":{"background-color":"var(--ast-global-color-4)","background-image":"","background-repeat":"repeat","background-position":"center center","background-size":"auto","background-attachment":"scroll","background-type":"","background-media":"","overlay-type":"","overlay-color":"","overlay-opacity":"","overlay-gradient":""},"mobile":{"background-color":"var(--ast-global-color-4)","background-image":"","background-repeat":"repeat","background-position":"center center","background-size":"auto","background-attachment":"scroll","background-type":"","background-media":"","overlay-type":"","overlay-color":"","overlay-opacity":"","overlay-gradient":""}},"footnotes":""},"class_list":["post-151","page","type-page","status-publish","has-post-thumbnail","hentry"],"aioseo_notices":[],"_links":{"self":[{"href":"https:\/\/balansoskonhet.se\/index.php?rest_route=\/wp\/v2\/pages\/151","targetHints":{"allow":["GET"]}}],"collection":[{"href":"https:\/\/balansoskonhet.se\/index.php?rest_route=\/wp\/v2\/pages"}],"about":[{"href":"https:\/\/balansoskonhet.se\/index.php?rest_route=\/wp\/v2\/types\/page"}],"author":[{"embeddable":true,"href":"https:\/\/balansoskonhet.se\/index.php?rest_route=\/wp\/v2\/users\/1"}],"replies":[{"embeddable":true,"href":"https:\/\/balansoskonhet.se\/index.php?rest_route=%2Fwp%2Fv2%2Fcomments&post=151"}],"version-history":[{"count":4,"href":"https:\/\/balansoskonhet.se\/index.php?rest_route=\/wp\/v2\/pages\/151\/revisions"}],"predecessor-version":[{"id":1029,"href":"https:\/\/balansoskonhet.se\/index.php?rest_route=\/wp\/v2\/pages\/151\/revisions\/1029"}],"wp:featuredmedia":[{"embeddable":true,"href":"https:\/\/balansoskonhet.se\/index.php?rest_route=\/wp\/v2\/media\/79"}],"wp:attachment":[{"href":"https:\/\/balansoskonhet.se\/index.php?rest_route=%2Fwp%2Fv2%2Fmedia&parent=151"}],"curies":[{"name":"wp","href":"https:\/\/api.w.org\/{rel}","templated":true}]}}